{"id":1759,"date":"2024-12-31T15:48:42","date_gmt":"2024-12-31T14:48:42","guid":{"rendered":"https:\/\/julienchazal.com\/?page_id=1759"},"modified":"2026-02-25T20:02:46","modified_gmt":"2026-02-25T19:02:46","slug":"elementor-1759","status":"publish","type":"page","link":"https:\/\/julienchazal.com\/en\/elementor-1759\/","title":{"rendered":"Learning"},"content":{"rendered":"<div data-elementor-type=\"wp-page\" data-elementor-id=\"1759\" class=\"elementor elementor-1759\">\n\t\t\t\t<div class=\"elementor-element elementor-element-4455c64 e-con-full e-flex e-con e-parent\" data-id=\"4455c64\" data-element_type=\"container\" data-e-type=\"container\" data-settings=\"{&quot;background_background&quot;:&quot;video&quot;,&quot;background_video_link&quot;:&quot;https:\\\/\\\/www.youtube.com\\\/watch?v=fVAP8_EP-RU&quot;,&quot;background_video_start&quot;:0,&quot;background_video_end&quot;:60}\">\n\t\t<div class=\"elementor-background-video-container elementor-hidden-mobile\">\n\t\t\t\t\t\t\t<div class=\"elementor-background-video-embed\" role=\"presentation\"><\/div>\n\t\t\t\t\t\t<\/div>\t\t<div class=\"elementor-element elementor-element-e895c89 elementor-widget elementor-widget-heading\" data-id=\"e895c89\" data-element_type=\"widget\" data-e-type=\"widget\" data-widget_type=\"heading.default\">\n\t\t\t\t<div class=\"elementor-widget-container\">\n\t\t\t\t\t<h2 class=\"elementor-heading-title elementor-size-default\">cours &amp; stages<\/h2>\t\t\t\t<\/div>\n\t\t\t\t<\/div>\n\t\t\t\t<\/div>\n\t\t<div class=\"elementor-element elementor-element-60880e2 e-flex e-con-boxed e-con e-parent\" data-id=\"60880e2\" data-element_type=\"container\" data-e-type=\"container\">\n\t\t\t\t\t<div class=\"e-con-inner\">\n\t\t<div class=\"elementor-element elementor-element-7fa583f animated-slow e-flex e-con-boxed elementor-invisible e-con e-child\" data-id=\"7fa583f\" data-element_type=\"container\" data-e-type=\"container\" data-settings=\"{&quot;background_background&quot;:&quot;classic&quot;,&quot;animation&quot;:&quot;fadeIn&quot;}\">\n\t\t\t\t\t<div class=\"e-con-inner\">\n\t\t\t\t<div class=\"elementor-element elementor-element-d149a22 elementor-widget elementor-widget-heading\" data-id=\"d149a22\" data-element_type=\"widget\" data-e-type=\"widget\" data-widget_type=\"heading.default\">\n\t\t\t\t<div class=\"elementor-widget-container\">\n\t\t\t\t\t<h1 class=\"elementor-heading-title elementor-size-default\">Latin calligraphy\n<\/h1>\t\t\t\t<\/div>\n\t\t\t\t<\/div>\n\t\t\t\t<div class=\"elementor-element elementor-element-5bf0624 elementor-widget elementor-widget-text-editor\" data-id=\"5bf0624\" data-element_type=\"widget\" data-e-type=\"widget\" data-widget_type=\"text-editor.default\">\n\t\t\t\t<div class=\"elementor-widget-container\">\n\t\t\t\t\t\t\t\t\t<p>Tout s&rsquo;apprend et la calligraphie aussi. Cette page contient les informations utiles pour vous initier ou vous perfectionner en calligraphie latine : l&rsquo;annonce de mes prochains stages, des stages avec d&rsquo;autres calligraphes organis\u00e9s par mon association <strong>Calli&amp;co<\/strong>, des r\u00e9f\u00e9rences et des liens vers mes partenaires.<\/p>\t\t\t\t\t\t\t\t<\/div>\n\t\t\t\t<\/div>\n\t\t\t\t\t<\/div>\n\t\t\t\t<\/div>\n\t\t\t\t\t<\/div>\n\t\t\t\t<\/div>\n\t\t<div class=\"elementor-element elementor-element-b4c312a e-flex e-con-boxed e-con e-parent\" data-id=\"b4c312a\" data-element_type=\"container\" data-e-type=\"container\">\n\t\t\t\t\t<div class=\"e-con-inner\">\n\t\t<div class=\"elementor-element elementor-element-db37b92 e-con-full e-flex e-con e-child\" data-id=\"db37b92\" data-element_type=\"container\" data-e-type=\"container\">\n\t\t<div class=\"elementor-element elementor-element-f6b040c e-con-full e-flex e-con e-child\" data-id=\"f6b040c\" data-element_type=\"container\" data-e-type=\"container\">\n\t\t\t\t<div class=\"elementor-element elementor-element-b7c50b3 elementor-widget__width-initial elementor-widget elementor-widget-image\" data-id=\"b7c50b3\" data-element_type=\"widget\" data-e-type=\"widget\" data-widget_type=\"image.default\">\n\t\t\t\t<div class=\"elementor-widget-container\">\n\t\t\t\t\t\t\t\t\t\t\t\t\t\t\t<img fetchpriority=\"high\" decoding=\"async\" width=\"300\" height=\"750\" src=\"https:\/\/julienchazal.com\/wp-content\/uploads\/2025\/03\/Calligraphie-1-copie.jpg\" class=\"attachment-full size-full wp-image-2452\" alt=\"\" srcset=\"https:\/\/julienchazal.com\/wp-content\/uploads\/2025\/03\/Calligraphie-1-copie.jpg 300w, https:\/\/julienchazal.com\/wp-content\/uploads\/2025\/03\/Calligraphie-1-copie-120x300.jpg 120w\" sizes=\"(max-width: 300px) 100vw, 300px\" \/>\t\t\t\t\t\t\t\t\t\t\t\t\t\t\t<\/div>\n\t\t\t\t<\/div>\n\t\t\t\t<\/div>\n\t\t<div class=\"elementor-element elementor-element-af56c65 e-con-full e-flex e-con e-child\" data-id=\"af56c65\" data-element_type=\"container\" data-e-type=\"container\">\n\t\t<div class=\"elementor-element elementor-element-ae6ff39 e-con-full e-flex e-con e-child\" data-id=\"ae6ff39\" data-element_type=\"container\" data-e-type=\"container\">\n\t\t\t\t<div class=\"elementor-element elementor-element-2b8a0a5 elementor-widget__width-initial elementor-widget elementor-widget-heading\" data-id=\"2b8a0a5\" data-element_type=\"widget\" data-e-type=\"widget\" data-widget_type=\"heading.default\">\n\t\t\t\t<div class=\"elementor-widget-container\">\n\t\t\t\t\t<h2 class=\"elementor-heading-title elementor-size-default\">Where to start<\/h2>\t\t\t\t<\/div>\n\t\t\t\t<\/div>\n\t\t\t\t<\/div>\n\t\t\t\t<div class=\"elementor-element elementor-element-b2f573f elementor-widget elementor-widget-text-editor\" data-id=\"b2f573f\" data-element_type=\"widget\" data-e-type=\"widget\" data-widget_type=\"text-editor.default\">\n\t\t\t\t<div class=\"elementor-widget-container\">\n\t\t\t\t\t\t\t\t\t<p>Si vous \u00eates d\u00e9butants et souhaitez vous lancer, je ne peux que vous recommander la vid\u00e9o de mon confr\u00e8re Serge Cortesi, qui montre d&rsquo;une mani\u00e8re tr\u00e8s p\u00e9dagogique ce qu&rsquo;il faut absolument savoir pour bien commencer. Je ne saurais faire mieux ! Suivez le lien\u00a0 <a href=\"https:\/\/youtu.be\/Km7gawnnQjI\" target=\"_blank\" rel=\"noopener\"><span style=\"text-decoration: underline;\"><strong>Youtube<\/strong><\/span><\/a><\/p><h5>My books<\/h5><ul><li><strong>Calligraphie, le Guide Complet<\/strong>, \u00e9ditions Eyrolles &#8211; 2012 (existe en version fran\u00e7aise,\u00a0 anglaise, chinoise, espagnole et japonaise)<\/li><li><strong>Bien D\u00e9buter en Calligraphie<\/strong>, \u00e9ditions Eyrolles &#8211; 2012<\/li><li><strong>Mail Art &amp; Calligraphie<\/strong>, \u00e9ditions Eyrolles &#8211; 2013<\/li><li><strong>Lettres &amp; Ornements Gothiques,<\/strong> \u00e9ditions Eyrolles &#8211; 2017<\/li><li><strong>Un matin sur Babel, un soir \u00e0 Manhattan<\/strong>, \u00e9ditions Alternatives &#8211; 2001 (commandes, me contacter)<\/li><\/ul><h5>Where to find materials<\/h5><p>On the website <a href=\"http:\/\/www.lecalligraphe.com\"><strong><span style=\"text-decoration: underline;\">lecalligraphe.com<\/span><\/strong><\/a>, you'll find all the calligraphy instruments and quality materials you need. You can't go wrong!<\/p><h5>the portal<\/h5><p>Il y a s\u00fbrement un calligraphe ou une association \u00e0 c\u00f4t\u00e9 de chez vous. Voici le site qui r\u00e9pertorie les calligraphes latins sur le territoire fran\u00e7ais : <strong><a href=\"https:\/\/www.portaildelacalligraphie.com\/\"><span style=\"text-decoration: underline;\">Le portail de la calligraphie latine<\/span><\/a><\/strong><\/p>\t\t\t\t\t\t\t\t<\/div>\n\t\t\t\t<\/div>\n\t\t\t\t<\/div>\n\t\t\t\t<\/div>\n\t\t\t\t\t<\/div>\n\t\t\t\t<\/div>\n\t\t<div class=\"elementor-element elementor-element-a061194 e-flex e-con-boxed e-con e-parent\" data-id=\"a061194\" data-element_type=\"container\" data-e-type=\"container\">\n\t\t\t\t\t<div class=\"e-con-inner\">\n\t\t\t\t<div class=\"elementor-element elementor-element-897d2d8 elementor-widget-divider--view-line elementor-widget elementor-widget-divider\" data-id=\"897d2d8\" data-element_type=\"widget\" data-e-type=\"widget\" data-widget_type=\"divider.default\">\n\t\t\t\t<div class=\"elementor-widget-container\">\n\t\t\t\t\t\t\t<div class=\"elementor-divider\">\n\t\t\t<span class=\"elementor-divider-separator\">\n\t\t\t\t\t\t<\/span>\n\t\t<\/div>\n\t\t\t\t\t\t<\/div>\n\t\t\t\t<\/div>\n\t\t\t\t\t<\/div>\n\t\t\t\t<\/div>\n\t\t<div class=\"elementor-element elementor-element-ecabdaa e-flex e-con-boxed e-con e-parent\" data-id=\"ecabdaa\" data-element_type=\"container\" data-e-type=\"container\">\n\t\t\t\t\t<div class=\"e-con-inner\">\n\t\t<div class=\"elementor-element elementor-element-a7f92e4 e-con-full e-flex e-con e-child\" data-id=\"a7f92e4\" data-element_type=\"container\" data-e-type=\"container\">\n\t\t<div class=\"elementor-element elementor-element-46197ac e-con-full e-flex e-con e-child\" data-id=\"46197ac\" data-element_type=\"container\" data-e-type=\"container\">\n\t\t<div class=\"elementor-element elementor-element-f885a77 e-con-full e-flex e-con e-child\" data-id=\"f885a77\" data-element_type=\"container\" data-e-type=\"container\">\n\t\t\t\t<div class=\"elementor-element elementor-element-c23effc elementor-widget elementor-widget-heading\" data-id=\"c23effc\" data-element_type=\"widget\" data-e-type=\"widget\" data-widget_type=\"heading.default\">\n\t\t\t\t<div class=\"elementor-widget-container\">\n\t\t\t\t\t<h2 class=\"elementor-heading-title elementor-size-default\">Les stages de l'association Calli&amp;co<\/h2>\t\t\t\t<\/div>\n\t\t\t\t<\/div>\n\t\t\t\t<\/div>\n\t\t\t\t<div class=\"elementor-element elementor-element-7eb2b68 elementor-widget elementor-widget-text-editor\" data-id=\"7eb2b68\" data-element_type=\"widget\" data-e-type=\"widget\" data-widget_type=\"text-editor.default\">\n\t\t\t\t<div class=\"elementor-widget-container\">\n\t\t\t\t\t\t\t\t\t<p>A few years ago, I set up the association <strong>Calli&amp;co<\/strong>, qui a pour but de g\u00e9rer des cours de calligraphie et de partager la cr\u00e9ativit\u00e9 dans la convivialit\u00e9 et la bonne ambiance. Aujourd&rsquo;hui, une programmation voit le jour. Trois stages sont organis\u00e9s entre avril et juin 2025 \u00e0 Paris. <br \/>Je suis toujours disponible pour donner des stages en France et \u00e0 l&rsquo;\u00e9tranger. N&rsquo;h\u00e9sitez pas \u00e0 me contacter si vous avez un projet de stage. <br \/>N.B. : Je ne donne pas de stages pour les publics scolaires, sauf \u00e9coles d&rsquo;art.<\/p><p>\u00c0 venir tr\u00e8s prochainement : un nouveau site tr\u00e8s complet, avec de nombreuses vid\u00e9os pour des cours en ligne, en fran\u00e7ais et en anglais.<\/p>\t\t\t\t\t\t\t\t<\/div>\n\t\t\t\t<\/div>\n\t\t\t\t<\/div>\n\t\t\t\t<\/div>\n\t\t\t\t\t<\/div>\n\t\t\t\t<\/div>\n\t\t<div class=\"elementor-element elementor-element-5297e25 e-grid e-con-boxed e-con e-parent\" data-id=\"5297e25\" data-element_type=\"container\" data-e-type=\"container\">\n\t\t\t\t\t<div class=\"e-con-inner\">\n\t\t\t\t<div class=\"elementor-element elementor-element-76bacce elementor-widget elementor-widget-image\" data-id=\"76bacce\" data-element_type=\"widget\" data-e-type=\"widget\" data-widget_type=\"image.default\">\n\t\t\t\t<div class=\"elementor-widget-container\">\n\t\t\t\t\t\t\t\t\t\t\t\t\t\t\t<img decoding=\"async\" width=\"819\" height=\"1024\" src=\"https:\/\/julienchazal.com\/wp-content\/uploads\/2025\/03\/Post-Stages-01-819x1024.jpg\" class=\"attachment-large size-large wp-image-2460\" alt=\"\" srcset=\"https:\/\/julienchazal.com\/wp-content\/uploads\/2025\/03\/Post-Stages-01-819x1024.jpg 819w, https:\/\/julienchazal.com\/wp-content\/uploads\/2025\/03\/Post-Stages-01-240x300.jpg 240w, https:\/\/julienchazal.com\/wp-content\/uploads\/2025\/03\/Post-Stages-01-768x960.jpg 768w, https:\/\/julienchazal.com\/wp-content\/uploads\/2025\/03\/Post-Stages-01.jpg 1080w\" sizes=\"(max-width: 819px) 100vw, 819px\" \/>\t\t\t\t\t\t\t\t\t\t\t\t\t\t\t<\/div>\n\t\t\t\t<\/div>\n\t\t<div class=\"elementor-element elementor-element-1bfb929 e-con-full e-flex e-con e-child\" data-id=\"1bfb929\" data-element_type=\"container\" data-e-type=\"container\" data-settings=\"{&quot;background_background&quot;:&quot;classic&quot;}\">\n\t\t\t\t<div class=\"elementor-element elementor-element-2c7fcbd elementor-widget__width-initial elementor-widget elementor-widget-heading\" data-id=\"2c7fcbd\" data-element_type=\"widget\" data-e-type=\"widget\" data-widget_type=\"heading.default\">\n\t\t\t\t<div class=\"elementor-widget-container\">\n\t\t\t\t\t<h2 class=\"elementor-heading-title elementor-size-default\">Guillaume Shaffhauser<\/h2>\t\t\t\t<\/div>\n\t\t\t\t<\/div>\n\t\t\t\t<div class=\"elementor-element elementor-element-417276d elementor-widget elementor-widget-text-editor\" data-id=\"417276d\" data-element_type=\"widget\" data-e-type=\"widget\" data-widget_type=\"text-editor.default\">\n\t\t\t\t<div class=\"elementor-widget-container\">\n\t\t\t\t\t\t\t\t\t<p>La <em>Gohique Fraktur<\/em> est une calligraphie tr\u00e8s styl\u00e9e. Entre classique et street-art, \u00e0 connaitre assur\u00e9ment !<\/p>\t\t\t\t\t\t\t\t<\/div>\n\t\t\t\t<\/div>\n\t\t\t\t<div class=\"elementor-element elementor-element-55619ae elementor-widget elementor-widget-text-editor\" data-id=\"55619ae\" data-element_type=\"widget\" data-e-type=\"widget\" data-widget_type=\"text-editor.default\">\n\t\t\t\t<div class=\"elementor-widget-container\">\n\t\t\t\t\t\t\t\t\t<p><strong><a href=\"https:\/\/www.helloasso.com\/associations\/calli-and-co\/evenements\/stage-de-calligraphie-paris-19-20-mars-2025\">en savoir plus !<\/a><\/strong><\/p>\t\t\t\t\t\t\t\t<\/div>\n\t\t\t\t<\/div>\n\t\t\t\t<\/div>\n\t\t\t\t<div class=\"elementor-element elementor-element-12569e6 elementor-widget elementor-widget-image\" data-id=\"12569e6\" data-element_type=\"widget\" data-e-type=\"widget\" data-widget_type=\"image.default\">\n\t\t\t\t<div class=\"elementor-widget-container\">\n\t\t\t\t\t\t\t\t\t\t\t\t\t\t\t<img decoding=\"async\" width=\"819\" height=\"1024\" src=\"https:\/\/julienchazal.com\/wp-content\/uploads\/2025\/03\/Post-Stages-02-819x1024.jpg\" class=\"attachment-large size-large wp-image-2461\" alt=\"\" srcset=\"https:\/\/julienchazal.com\/wp-content\/uploads\/2025\/03\/Post-Stages-02-819x1024.jpg 819w, https:\/\/julienchazal.com\/wp-content\/uploads\/2025\/03\/Post-Stages-02-240x300.jpg 240w, https:\/\/julienchazal.com\/wp-content\/uploads\/2025\/03\/Post-Stages-02-768x960.jpg 768w, https:\/\/julienchazal.com\/wp-content\/uploads\/2025\/03\/Post-Stages-02.jpg 1080w\" sizes=\"(max-width: 819px) 100vw, 819px\" \/>\t\t\t\t\t\t\t\t\t\t\t\t\t\t\t<\/div>\n\t\t\t\t<\/div>\n\t\t<div class=\"elementor-element elementor-element-f8b49be e-con-full e-flex e-con e-child\" data-id=\"f8b49be\" data-element_type=\"container\" data-e-type=\"container\" data-settings=\"{&quot;background_background&quot;:&quot;classic&quot;}\">\n\t\t\t\t<div class=\"elementor-element elementor-element-0bb2457 elementor-widget elementor-widget-heading\" data-id=\"0bb2457\" data-element_type=\"widget\" data-e-type=\"widget\" data-widget_type=\"heading.default\">\n\t\t\t\t<div class=\"elementor-widget-container\">\n\t\t\t\t\t<h2 class=\"elementor-heading-title elementor-size-default\">Julien Chazal\n<br><\/h2>\t\t\t\t<\/div>\n\t\t\t\t<\/div>\n\t\t\t\t<div class=\"elementor-element elementor-element-f6bdce3 elementor-widget elementor-widget-text-editor\" data-id=\"f6bdce3\" data-element_type=\"widget\" data-e-type=\"widget\" data-widget_type=\"text-editor.default\">\n\t\t\t\t<div class=\"elementor-widget-container\">\n\t\t\t\t\t\t\t\t\t<p>La <em>Ronde<\/em> est un style de calligraphie tr\u00e8s fran\u00e7ais qui fait un peu scolaire au premier abord. Mais elle correspondra \u00e0 tous, d\u00e9butant, mais aussi aux plus aguerris.<\/p>\t\t\t\t\t\t\t\t<\/div>\n\t\t\t\t<\/div>\n\t\t\t\t<div class=\"elementor-element elementor-element-5371939 elementor-widget elementor-widget-text-editor\" data-id=\"5371939\" data-element_type=\"widget\" data-e-type=\"widget\" data-widget_type=\"text-editor.default\">\n\t\t\t\t<div class=\"elementor-widget-container\">\n\t\t\t\t\t\t\t\t\t<p><a href=\"https:\/\/www.helloasso.com\/associations\/calli-and-co\/evenements\/stage-de-calligraphie-julien-chazal-paris-10-et-11-mai-2025\"><strong>J&rsquo;y vais !<\/strong><\/a><\/p>\t\t\t\t\t\t\t\t<\/div>\n\t\t\t\t<\/div>\n\t\t\t\t<\/div>\n\t\t\t\t<div class=\"elementor-element elementor-element-114d7d9 elementor-widget elementor-widget-image\" data-id=\"114d7d9\" data-element_type=\"widget\" data-e-type=\"widget\" data-widget_type=\"image.default\">\n\t\t\t\t<div class=\"elementor-widget-container\">\n\t\t\t\t\t\t\t\t\t\t\t\t\t\t\t<img loading=\"lazy\" decoding=\"async\" width=\"819\" height=\"1024\" src=\"https:\/\/julienchazal.com\/wp-content\/uploads\/2025\/03\/Post-Stages-03-819x1024.jpg\" class=\"attachment-large size-large wp-image-2462\" alt=\"\" srcset=\"https:\/\/julienchazal.com\/wp-content\/uploads\/2025\/03\/Post-Stages-03-819x1024.jpg 819w, https:\/\/julienchazal.com\/wp-content\/uploads\/2025\/03\/Post-Stages-03-240x300.jpg 240w, https:\/\/julienchazal.com\/wp-content\/uploads\/2025\/03\/Post-Stages-03-768x960.jpg 768w, https:\/\/julienchazal.com\/wp-content\/uploads\/2025\/03\/Post-Stages-03.jpg 1080w\" sizes=\"(max-width: 819px) 100vw, 819px\" \/>\t\t\t\t\t\t\t\t\t\t\t\t\t\t\t<\/div>\n\t\t\t\t<\/div>\n\t\t<div class=\"elementor-element elementor-element-dac43f4 e-con-full e-flex e-con e-child\" data-id=\"dac43f4\" data-element_type=\"container\" data-e-type=\"container\" data-settings=\"{&quot;background_background&quot;:&quot;classic&quot;}\">\n\t\t\t\t<div class=\"elementor-element elementor-element-22b8889 elementor-widget elementor-widget-heading\" data-id=\"22b8889\" data-element_type=\"widget\" data-e-type=\"widget\" data-widget_type=\"heading.default\">\n\t\t\t\t<div class=\"elementor-widget-container\">\n\t\t\t\t\t<h2 class=\"elementor-heading-title elementor-size-default\">Kitty Sabatier<br><\/h2>\t\t\t\t<\/div>\n\t\t\t\t<\/div>\n\t\t\t\t<div class=\"elementor-element elementor-element-e18aee7 elementor-widget elementor-widget-text-editor\" data-id=\"e18aee7\" data-element_type=\"widget\" data-e-type=\"widget\" data-widget_type=\"text-editor.default\">\n\t\t\t\t<div class=\"elementor-widget-container\">\n\t\t\t\t\t\t\t\t\t<p>Tout en sensibilit\u00e9, la calligraphie de Kitty vous transportera dans un univers de cr\u00e9ations artistiques plein de belles \u00e9nergies.<\/p>\t\t\t\t\t\t\t\t<\/div>\n\t\t\t\t<\/div>\n\t\t\t\t<div class=\"elementor-element elementor-element-7bb9385 elementor-widget elementor-widget-text-editor\" data-id=\"7bb9385\" data-element_type=\"widget\" data-e-type=\"widget\" data-widget_type=\"text-editor.default\">\n\t\t\t\t<div class=\"elementor-widget-container\">\n\t\t\t\t\t\t\t\t\t<p><a href=\"https:\/\/www.helloasso.com\/associations\/calli-and-co\/evenements\/stage-de-calligraphie-kitty-sabatier-paris-7-et-8-juin2025\"><strong>Je m&rsquo;inscrit !<\/strong><\/a><\/p>\t\t\t\t\t\t\t\t<\/div>\n\t\t\t\t<\/div>\n\t\t\t\t<\/div>\n\t\t\t\t\t<\/div>\n\t\t\t\t<\/div>\n\t\t\t\t<\/div>","protected":false},"excerpt":{"rendered":"<p>cours &amp; stages La calligraphie latine Tout s&rsquo;apprend et la calligraphie aussi. Cette page contient les informations utiles pour vous initier ou vous perfectionner en calligraphie latine : l&rsquo;annonce de mes prochains stages, des stages avec d&rsquo;autres calligraphes organis\u00e9s par mon association Calli&amp;co, des r\u00e9f\u00e9rences et des liens vers mes partenaires. Par o\u00f9 commencer Si [&hellip;]<\/p>\n","protected":false},"author":1,"featured_media":0,"parent":0,"menu_order":0,"comment_status":"closed","ping_status":"closed","template":"","meta":{"iawp_total_views":427,"footnotes":""},"folder":[],"class_list":["post-1759","page","type-page","status-publish","hentry"],"blocksy_meta":[],"_links":{"self":[{"href":"https:\/\/julienchazal.com\/en\/wp-json\/wp\/v2\/pages\/1759","targetHints":{"allow":["GET"]}}],"collection":[{"href":"https:\/\/julienchazal.com\/en\/wp-json\/wp\/v2\/pages"}],"about":[{"href":"https:\/\/julienchazal.com\/en\/wp-json\/wp\/v2\/types\/page"}],"author":[{"embeddable":true,"href":"https:\/\/julienchazal.com\/en\/wp-json\/wp\/v2\/users\/1"}],"replies":[{"embeddable":true,"href":"https:\/\/julienchazal.com\/en\/wp-json\/wp\/v2\/comments?post=1759"}],"version-history":[{"count":262,"href":"https:\/\/julienchazal.com\/en\/wp-json\/wp\/v2\/pages\/1759\/revisions"}],"predecessor-version":[{"id":3674,"href":"https:\/\/julienchazal.com\/en\/wp-json\/wp\/v2\/pages\/1759\/revisions\/3674"}],"wp:attachment":[{"href":"https:\/\/julienchazal.com\/en\/wp-json\/wp\/v2\/media?parent=1759"}],"wp:term":[{"taxonomy":"folder","embeddable":true,"href":"https:\/\/julienchazal.com\/en\/wp-json\/wp\/v2\/folder?post=1759"}],"curies":[{"name":"wp","href":"https:\/\/api.w.org\/{rel}","templated":true}]}}